{"id":2806,"date":"2013-11-13T19:00:31","date_gmt":"2013-11-13T22:00:31","guid":{"rendered":"http:\/\/hifiplanet.com.br\/blog\/?page_id=2806"},"modified":"2016-02-02T09:50:53","modified_gmt":"2016-02-02T11:50:53","slug":"contat","status":"publish","type":"page","link":"https:\/\/www.hifiplanet.com.br\/blog\/contat\/","title":{"rendered":"Contato"},"content":{"rendered":"<p><strong>E-mail:<br \/>\n<\/strong><a href=\"http:\/\/hifiplanet.com.br\/blog\/wp-content\/uploads\/2013\/11\/emailplanet.gif\"><img decoding=\"async\" loading=\"lazy\" class=\"alignnone size-full wp-image-3368\" src=\"http:\/\/hifiplanet.com.br\/blog\/wp-content\/uploads\/2013\/11\/emailplanet.gif\" alt=\"emailplanet\" width=\"220\" height=\"35\" \/><\/a><\/p>\n<p><span style=\"color: #ff0000;\"><strong>Consultas t\u00e9cnicas, coment\u00e1rios, cr\u00edticas ou elogios <span style=\"text-decoration: underline;\">devem ser publicados no pr\u00f3prio site<\/span>, junto a um dos t\u00f3picos abordados ou na p\u00e1gina<\/strong><\/span> \u201c<a href=\"http:\/\/hifiplanet.com.br\/blog\/carta\/\" target=\"_blank\">Cartas<\/a>\u201d.<\/p>\n<p>Procuramos atender a todos, dentro de nossas possibilidades.<\/p>\n","protected":false},"excerpt":{"rendered":"<div class=\"mh-excerpt\"><p>E-mail: Consultas t\u00e9cnicas, coment\u00e1rios, cr\u00edticas ou elogios devem ser publicados no pr\u00f3prio site, junto a um dos t\u00f3picos abordados ou na p\u00e1gina \u201cCartas\u201d. Procuramos atender a todos, dentro de nossas possibilidades.<\/p>\n<\/div>","protected":false},"author":1,"featured_media":0,"parent":0,"menu_order":42,"comment_status":"closed","ping_status":"closed","template":"","meta":[],"_links":{"self":[{"href":"https:\/\/www.hifiplanet.com.br\/blog\/wp-json\/wp\/v2\/pages\/2806"}],"collection":[{"href":"https:\/\/www.hifiplanet.com.br\/blog\/wp-json\/wp\/v2\/pages"}],"about":[{"href":"https:\/\/www.hifiplanet.com.br\/blog\/wp-json\/wp\/v2\/types\/page"}],"author":[{"embeddable":true,"href":"https:\/\/www.hifiplanet.com.br\/blog\/wp-json\/wp\/v2\/users\/1"}],"replies":[{"embeddable":true,"href":"https:\/\/www.hifiplanet.com.br\/blog\/wp-json\/wp\/v2\/comments?post=2806"}],"version-history":[{"count":10,"href":"https:\/\/www.hifiplanet.com.br\/blog\/wp-json\/wp\/v2\/pages\/2806\/revisions"}],"predecessor-version":[{"id":3370,"href":"https:\/\/www.hifiplanet.com.br\/blog\/wp-json\/wp\/v2\/pages\/2806\/revisions\/3370"}],"wp:attachment":[{"href":"https:\/\/www.hifiplanet.com.br\/blog\/wp-json\/wp\/v2\/media?parent=2806"}],"curies":[{"name":"wp","href":"https:\/\/api.w.org\/{rel}","templated":true}]}}