{"id":564,"date":"2010-04-30T16:57:52","date_gmt":"2010-04-30T19:57:52","guid":{"rendered":"http:\/\/hifiplanet.com.br\/blog\/?page_id=564"},"modified":"2014-03-10T11:11:20","modified_gmt":"2014-03-10T13:11:20","slug":"carta","status":"publish","type":"page","link":"http:\/\/www.hifiplanet.com.br\/blog\/carta\/","title":{"rendered":"Cartas"},"content":{"rendered":"<p><span style=\"color: #ff0000;\"><strong style=\"text-align: justify;\">Consultas t\u00e9cnicas, coment\u00e1rios, cr\u00edticas ou elogios <span style=\"text-decoration: underline;\">devem ser publicados no pr\u00f3prio site<\/span><\/strong><strong><span style=\"text-align: justify;\">, junto a um dos t\u00f3picos abordados ou nesta se\u00e7\u00e3o.<\/span><\/strong><\/span><\/p>\n<p>Procuramos atender a todos, dentro de nossas possibilidades.<\/p>\n","protected":false},"excerpt":{"rendered":"<div class=\"mh-excerpt\"><p>Consultas t\u00e9cnicas, coment\u00e1rios, cr\u00edticas ou elogios devem ser publicados no pr\u00f3prio site, junto a um dos t\u00f3picos abordados ou nesta se\u00e7\u00e3o. Procuramos atender a todos, dentro de nossas possibilidades.<\/p>\n<\/div>","protected":false},"author":1,"featured_media":0,"parent":0,"menu_order":70,"comment_status":"open","ping_status":"closed","template":"","meta":[],"_links":{"self":[{"href":"http:\/\/www.hifiplanet.com.br\/blog\/wp-json\/wp\/v2\/pages\/564"}],"collection":[{"href":"http:\/\/www.hifiplanet.com.br\/blog\/wp-json\/wp\/v2\/pages"}],"about":[{"href":"http:\/\/www.hifiplanet.com.br\/blog\/wp-json\/wp\/v2\/types\/page"}],"author":[{"embeddable":true,"href":"http:\/\/www.hifiplanet.com.br\/blog\/wp-json\/wp\/v2\/users\/1"}],"replies":[{"embeddable":true,"href":"http:\/\/www.hifiplanet.com.br\/blog\/wp-json\/wp\/v2\/comments?post=564"}],"version-history":[{"count":17,"href":"http:\/\/www.hifiplanet.com.br\/blog\/wp-json\/wp\/v2\/pages\/564\/revisions"}],"predecessor-version":[{"id":2874,"href":"http:\/\/www.hifiplanet.com.br\/blog\/wp-json\/wp\/v2\/pages\/564\/revisions\/2874"}],"wp:attachment":[{"href":"http:\/\/www.hifiplanet.com.br\/blog\/wp-json\/wp\/v2\/media?parent=564"}],"curies":[{"name":"wp","href":"https:\/\/api.w.org\/{rel}","templated":true}]}}