{"id":4294,"date":"2021-06-07T15:59:19","date_gmt":"2021-06-07T18:59:19","guid":{"rendered":"http:\/\/hifiplanet.com.br\/blog\/?page_id=4294"},"modified":"2021-06-07T16:01:58","modified_gmt":"2021-06-07T19:01:58","slug":"politica-de-privacidade","status":"publish","type":"page","link":"http:\/\/www.hifiplanet.com.br\/blog\/politica-de-privacidade\/","title":{"rendered":"Pol\u00edtica de privacidade"},"content":{"rendered":"\r\n<p><span style=\"color: #993300;\"><strong>O Hi-Fi Planet respeita a sua privacidade, e \u00e9 um site <span style=\"text-decoration: underline;\">totalmente seguro<\/span>.<\/strong><\/span><\/p>\r\n<p><span style=\"color: #993300;\"><strong>Nenhuma informa\u00e7\u00e3o \u00e9 coletada dos nossos visitantes para qualquer uso que n\u00e3o seja espec\u00edfico para o funcionamento dos recursos do site.<br \/>N\u00e3o existem an\u00fancios, <em>links<\/em> externos comerciais ou qualquer outra fun\u00e7\u00e3o no Hi-Fi Planet que ofere\u00e7a qualquer risco aos visitantes, ou que realize qualquer atividade promocional ou comercial.<\/strong><\/span><\/p>\r\n<p>Esta pol\u00edtica de privacidade foi criada para esclarecer aos nossos visitantes sobre a forma de utiliza\u00e7\u00e3o das informa\u00e7\u00f5es fornecidas ao nosso\u00a0<em>site<\/em>. Esse esclarecimento garantir\u00e1 a sua navega\u00e7\u00e3o segura pelas p\u00e1ginas deste\u00a0<em>site<\/em>.<\/p>\r\n<p><strong>Nenhuma informa\u00e7\u00e3o pessoal de nossos visitantes \u00e9 armazenada neste\u00a0<em>site<\/em><\/strong>, e por essa raz\u00e3o n\u00e3o existe o risco de sua comercializa\u00e7\u00e3o e\/ou troca com terceiros. Os dados fornecidos por nossos visitantes em nosso Formul\u00e1rio de Contato s\u00e3o utilizados apenas para envio das informa\u00e7\u00f5es solicitadas pelo usu\u00e1rio, e n\u00e3o s\u00e3o utilizados para nenhum outro objetivo.<br \/>Tamb\u00e9m n\u00e3o utilizamos o seu endere\u00e7o de\u00a0<em>e-mail<\/em>\u00a0para distribuir mensagens n\u00e3o solicitadas, de forma individual ou em massa.<\/p>\r\n<p>Al\u00e9m das informa\u00e7\u00f5es de nome e <em>e-mail<\/em>, fornecidas em nossa p\u00e1gina para a publica\u00e7\u00e3o de coment\u00e1rios,\u00a0<strong>nenhuma outra informa\u00e7\u00e3o \u00e9 solicitada ou deve ser fornecida pelo usu\u00e1rio<\/strong>.<\/p>\r\n<p><strong>N\u00e3o utilizamos nenhum outro dado coletado para fins comerciais<\/strong>. Os dados de navega\u00e7\u00e3o, coletados automaticamente, s\u00e3o utilizados \u00fanica e exclusivamente para fins de estat\u00edstica, como por exemplo, para saber quantos acessos tivemos em nossas p\u00e1ginas, ou quais as se\u00e7\u00f5es mais procuradas e visitadas, e s\u00e3o caracter\u00edsticas intr\u00ednsecas de qualquer\u00a0<em>site<\/em>\u00a0visitado na internet.<\/p>\r\n<p><strong>N\u00e3o temos qualquer parceria com empresas de publicidade virtual e\/ou empresas que contratam espa\u00e7os em nosso\u00a0<em>site<\/em>, e ningu\u00e9m est\u00e1 apto ou autorizado a entrar em contato com qualquer pessoa em nome de nossa empresa para oferecer o que quer que seja.<\/strong><\/p>\r\n<p>O seu navegador pode instalar\u00a0<em>cookies<\/em>\u00a0e\/ou\u00a0<em>web<\/em>\u00a0<em>beacons<\/em>\u00a0quando fizer um acesso \u00e0s nossas p\u00e1ginas. Os\u00a0<em>cookies<\/em>\u00a0que podem ser utilizados associam-se (se for o caso) unicamente com o navegador de um determinado computador.<br \/>Os\u00a0<em>cookies<\/em>\u00a0que s\u00e3o utilizados neste\u00a0<em>site<\/em>\u00a0podem ser instalados pelo mesmo, os quais s\u00e3o originados dos distintos servidores operados por este, ou a partir dos servidores de terceiros que prestam servi\u00e7os e instalam\u00a0<em>cookies<\/em>\u00a0e\/ou\u00a0<em>web<\/em>\u00a0<em>beacons<\/em>). O usu\u00e1rio poder\u00e1 pesquisar o disco r\u00edgido de seu computador conforme instru\u00e7\u00f5es do pr\u00f3prio navegador.<br \/><strong>O usu\u00e1rio tem a possibilidade de configurar o seu navegador para ser imediatamente avisado, na tela do computador, sobre a recep\u00e7\u00e3o dos\u00a0<em>cookies<\/em>\u00a0e para impedir a sua instala\u00e7\u00e3o no disco r\u00edgido.<\/strong>\u00a0As informa\u00e7\u00f5es pertinentes a esta configura\u00e7\u00e3o est\u00e3o dispon\u00edveis em instru\u00e7\u00f5es e manuais do pr\u00f3prio navegador.<br \/>O bloqueio destes\u00a0<em>cookies<\/em>\u00a0pelo usu\u00e1rio em nada afeta ou limita a sua navega\u00e7\u00e3o pelo nosso site, e \u00e9 at\u00e9 recomendado por n\u00f3s.<\/p>\r\n<p><strong>Sempre que houver qualquer altera\u00e7\u00e3o em nossa Pol\u00edtica de Privacidade, ela ter\u00e1 sido antecipadamente informada nesta p\u00e1gina para total transpar\u00eancia de nossos usu\u00e1rios.<\/strong><\/p>\r\n","protected":false},"excerpt":{"rendered":"<div class=\"mh-excerpt\"><p>O Hi-Fi Planet respeita a sua privacidade, e \u00e9 um site totalmente seguro. Nenhuma informa\u00e7\u00e3o \u00e9 coletada dos nossos visitantes para qualquer uso que n\u00e3o seja espec\u00edfico para o funcionamento dos recursos do site.N\u00e3o existem an\u00fancios, links externos comerciais ou qualquer outra fun\u00e7\u00e3o no Hi-Fi Planet que ofere\u00e7a qualquer risco aos visitantes, ou que realize qualquer atividade promocional ou comercial. Esta pol\u00edtica de privacidade foi criada para esclarecer aos nossos <a class=\"mh-excerpt-more\" href=\"http:\/\/www.hifiplanet.com.br\/blog\/politica-de-privacidade\/\" title=\"Pol\u00edtica de privacidade\">[clique aqui para continuar lendo]<\/a><\/p>\n<\/div>","protected":false},"author":1,"featured_media":0,"parent":0,"menu_order":120,"comment_status":"closed","ping_status":"closed","template":"","meta":[],"_links":{"self":[{"href":"http:\/\/www.hifiplanet.com.br\/blog\/wp-json\/wp\/v2\/pages\/4294"}],"collection":[{"href":"http:\/\/www.hifiplanet.com.br\/blog\/wp-json\/wp\/v2\/pages"}],"about":[{"href":"http:\/\/www.hifiplanet.com.br\/blog\/wp-json\/wp\/v2\/types\/page"}],"author":[{"embeddable":true,"href":"http:\/\/www.hifiplanet.com.br\/blog\/wp-json\/wp\/v2\/users\/1"}],"replies":[{"embeddable":true,"href":"http:\/\/www.hifiplanet.com.br\/blog\/wp-json\/wp\/v2\/comments?post=4294"}],"version-history":[{"count":3,"href":"http:\/\/www.hifiplanet.com.br\/blog\/wp-json\/wp\/v2\/pages\/4294\/revisions"}],"predecessor-version":[{"id":4297,"href":"http:\/\/www.hifiplanet.com.br\/blog\/wp-json\/wp\/v2\/pages\/4294\/revisions\/4297"}],"wp:attachment":[{"href":"http:\/\/www.hifiplanet.com.br\/blog\/wp-json\/wp\/v2\/media?parent=4294"}],"curies":[{"name":"wp","href":"https:\/\/api.w.org\/{rel}","templated":true}]}}