{"id":236,"date":"2010-04-28T19:40:10","date_gmt":"2010-04-28T16:40:10","guid":{"rendered":"http:\/\/hifiplanet.com.br\/blog\/?page_id=236"},"modified":"2016-01-02T13:45:49","modified_gmt":"2016-01-02T16:45:49","slug":"proteja-os-animais","status":"publish","type":"page","link":"http:\/\/www.hifiplanet.com.br\/blog\/proteja-os-animais\/","title":{"rendered":"Proteja os animais"},"content":{"rendered":"<p style=\"text-align: center;\"><a href=\"http:\/\/www.hifiplanet.com.br\/forum\/viewtopic.php?t=292\"><img decoding=\"async\" loading=\"lazy\" class=\"aligncenter\" src=\"http:\/\/www.hifiplanet.com.br\/imagem\/bola.jpg\" alt=\"\" width=\"100\" height=\"88\" border=\"0\" \/><\/a><\/p>\n<p>A id\u00e9ia de destacar esse tema e dar uma contribui\u00e7\u00e3o \u00e0 conscientiza\u00e7\u00e3o humana foi do amigo Janu\u00e1rio.<\/p>\n<p>Os animais est\u00e3o abandonados por a\u00ed, nas ruas, nas estradas e at\u00e9 nas casas de quem n\u00e3o cuida deles como deveria.<br \/>\nPassam fome, frio, sofrem com dores de ferimentos e doen\u00e7as, e n\u00e3o t\u00eam como conseguir ajuda, sequer conseguem dizer o que sentem.<\/p>\n<p>E o que eles t\u00eam para n\u00f3s \u00e9 carinho, fidelidade, afeto, prote\u00e7\u00e3o e in\u00fameras outras virtudes que muitas vezes n\u00e3o encontramos na maioria das pessoas que nos cercam. Se voc\u00ea souber compreend\u00ea-los, saber\u00e1 o quanto eles merecem ser amados e protegidos.<br \/>\nRecolha um animal abandonado. Voc\u00ea ser\u00e1 mais feliz. Acredite nisso.<\/p>\n<p><em><strong>&#8221; Ora\u00e7\u00e3o de um c\u00e3o abandonado &#8220;<\/strong><\/em><\/p>\n<p><em><strong><a href=\"http:\/\/hifiplanet.com.br\/blog\/wp-content\/uploads\/2010\/04\/abandonado-1.jpg\"><img decoding=\"async\" loading=\"lazy\" class=\"alignnone size-full wp-image-2243\" title=\"abandonado 1\" src=\"http:\/\/hifiplanet.com.br\/blog\/wp-content\/uploads\/2010\/04\/abandonado-1.jpg\" alt=\"\" width=\"500\" height=\"375\" srcset=\"http:\/\/www.hifiplanet.com.br\/blog\/wp-content\/uploads\/2010\/04\/abandonado-1.jpg 500w, http:\/\/www.hifiplanet.com.br\/blog\/wp-content\/uploads\/2010\/04\/abandonado-1-300x225.jpg 300w\" sizes=\"(max-width: 500px) 100vw, 500px\" \/><\/a><br \/>\n<\/strong><\/em><\/p>\n<p><em><strong>Mais um dia termina, estou muito fraco, faz dias que n\u00e3o como nada s\u00f3 bebo \u00e1gua suja. Aqui nesse canto que arrumei para passar a noite, faz muito frio, o ch\u00e3o est\u00e1 molhado, as pessoas passam e fingem n\u00e3o me ver, est\u00e3o com pressa de chegar em seus lares.<\/strong><\/em><\/p>\n<p><em><strong><br \/>\nSabe, eu tamb\u00e9m j\u00e1 tive um lar. <\/strong><\/em><\/p>\n<p><em><strong>Quando era pequenino, todos me achavam uma gracinha, meu dono, minha dona e as crian\u00e7as me adoravam.<br \/>\nMas depois que eu cresci, me acorrentaram no fundo do quintal e s\u00f3 me soltavam a noite para tomar conta da casa. Que orgulho! quanta responsabilidade, me tornei um c\u00e3o de guarda.<br \/>\nPassei muitos anos nesse quintal, fiquei velho e doente. Um dia, meus donos me levaram para passear de carro. Depois de muito andar, pararam num lugar estranho e me deixaram sem ao menos dizer adeus. Ainda tentei segu\u00ed-los e quase fui atropelado.<\/strong><\/em><\/p>\n<p><a href=\"http:\/\/hifiplanet.com.br\/blog\/wp-content\/uploads\/2010\/04\/abandonado-2.jpg\"><img decoding=\"async\" loading=\"lazy\" class=\"alignnone size-full wp-image-2244\" title=\"abandonado 2\" src=\"http:\/\/hifiplanet.com.br\/blog\/wp-content\/uploads\/2010\/04\/abandonado-2.jpg\" alt=\"\" width=\"500\" height=\"220\" srcset=\"http:\/\/www.hifiplanet.com.br\/blog\/wp-content\/uploads\/2010\/04\/abandonado-2.jpg 500w, http:\/\/www.hifiplanet.com.br\/blog\/wp-content\/uploads\/2010\/04\/abandonado-2-300x132.jpg 300w\" sizes=\"(max-width: 500px) 100vw, 500px\" \/><\/a><\/p>\n<p><em><strong> Foi a \u00faltima vez que vi meus donos. Como eu os amava!<br \/>\nQue teria feito eu de t\u00e3o mau? <\/strong><\/em><\/p>\n<p><em><strong>Fiquei desnorteado por v\u00e1rios dias, e s\u00f3 depois compreendi que eu era mais um c\u00e3o abandonado.<\/strong><\/em><\/p>\n<p><em><strong><br \/>\nHoje sou apenas uma caricatura do que era. Magro, sem p\u00ealos, com feridas pelo corpo todo, quase cego e sem for\u00e7as para parar de p\u00e9, sinto que o fim est\u00e1 pr\u00f3ximo.<br \/>\nPe\u00e7o a Deus n\u00e3o mais por mim, mas por meus irm\u00e3ozinhos.<br \/>\nAmenize-lhes o frio, igual ao que sinto agora, com o calor da Tua Luz.<br \/>\nDiminua-lhes a fome, tal qual a que sinto, com o alimento do amor que me foi negado.<br \/>\nMata-lhes a sede, com a \u00e1gua pura de seus ensinamentos.<br \/>\nElimine a dor das doen\u00e7as, estirpando a ignor\u00e2ncia da terra.<br \/>\nAmpare as cachorrinhas prenhas que ver\u00e3o suas crias morrerem de fome e frio sem nada poderem fazer.<br \/>\nAbrande a tristeza dos que como eu, foram abandonados, pois entre todos os males o que mais doeu foi este.<\/strong><\/em><\/p>\n<p><a href=\"http:\/\/hifiplanet.com.br\/blog\/wp-content\/uploads\/2010\/04\/abandonado-3.jpg\"><img decoding=\"async\" loading=\"lazy\" class=\"alignnone size-full wp-image-2245\" title=\"abandonado 3\" src=\"http:\/\/hifiplanet.com.br\/blog\/wp-content\/uploads\/2010\/04\/abandonado-3.jpg\" alt=\"\" width=\"420\" height=\"309\" srcset=\"http:\/\/www.hifiplanet.com.br\/blog\/wp-content\/uploads\/2010\/04\/abandonado-3.jpg 420w, http:\/\/www.hifiplanet.com.br\/blog\/wp-content\/uploads\/2010\/04\/abandonado-3-300x220.jpg 300w\" sizes=\"(max-width: 420px) 100vw, 420px\" \/><\/a><\/p>\n<p><em><strong> Creio que \u00e9 chegada a hora de me encontrar Contigo. J\u00e1 n\u00e3o sinto mais dor.<br \/>\nComo \u00faltimo pedido, pe\u00e7o permiss\u00e3o mesmo em esp\u00edrito, de poder ver meus donos.<br \/>\nRogo, para que abrande o cora\u00e7\u00e3o dos homens, para que possam amar a todos os animais.<br \/>\nReceba, Pai, nesta noite g\u00e9lida a minha alma.<\/strong><\/em><\/p>\n<p><em><strong><a href=\"http:\/\/hifiplanet.com.br\/blog\/wp-content\/uploads\/2010\/04\/abandonado-4.jpg\"><img decoding=\"async\" loading=\"lazy\" class=\"alignnone size-full wp-image-2246\" title=\"abandonado 4\" src=\"http:\/\/hifiplanet.com.br\/blog\/wp-content\/uploads\/2010\/04\/abandonado-4.jpg\" alt=\"\" width=\"750\" height=\"621\" srcset=\"http:\/\/www.hifiplanet.com.br\/blog\/wp-content\/uploads\/2010\/04\/abandonado-4.jpg 750w, http:\/\/www.hifiplanet.com.br\/blog\/wp-content\/uploads\/2010\/04\/abandonado-4-300x248.jpg 300w\" sizes=\"(max-width: 750px) 100vw, 750px\" \/><\/a><br \/>\n<\/strong><\/em><\/p>\n","protected":false},"excerpt":{"rendered":"<div class=\"mh-excerpt\"><p>A id\u00e9ia de destacar esse tema e dar uma contribui\u00e7\u00e3o \u00e0 conscientiza\u00e7\u00e3o humana foi do amigo Janu\u00e1rio. Os animais est\u00e3o abandonados por a\u00ed, nas ruas, nas estradas e at\u00e9 nas casas de quem n\u00e3o cuida deles como deveria. Passam fome, frio, sofrem com dores de ferimentos e doen\u00e7as, e n\u00e3o t\u00eam como conseguir ajuda, sequer conseguem dizer o que sentem. E o que eles t\u00eam para n\u00f3s \u00e9 carinho, fidelidade, <a class=\"mh-excerpt-more\" href=\"http:\/\/www.hifiplanet.com.br\/blog\/proteja-os-animais\/\" title=\"Proteja os animais\">[clique aqui para continuar lendo]<\/a><\/p>\n<\/div>","protected":false},"author":1,"featured_media":0,"parent":0,"menu_order":37,"comment_status":"closed","ping_status":"closed","template":"","meta":[],"_links":{"self":[{"href":"http:\/\/www.hifiplanet.com.br\/blog\/wp-json\/wp\/v2\/pages\/236"}],"collection":[{"href":"http:\/\/www.hifiplanet.com.br\/blog\/wp-json\/wp\/v2\/pages"}],"about":[{"href":"http:\/\/www.hifiplanet.com.br\/blog\/wp-json\/wp\/v2\/types\/page"}],"author":[{"embeddable":true,"href":"http:\/\/www.hifiplanet.com.br\/blog\/wp-json\/wp\/v2\/users\/1"}],"replies":[{"embeddable":true,"href":"http:\/\/www.hifiplanet.com.br\/blog\/wp-json\/wp\/v2\/comments?post=236"}],"version-history":[{"count":6,"href":"http:\/\/www.hifiplanet.com.br\/blog\/wp-json\/wp\/v2\/pages\/236\/revisions"}],"predecessor-version":[{"id":3244,"href":"http:\/\/www.hifiplanet.com.br\/blog\/wp-json\/wp\/v2\/pages\/236\/revisions\/3244"}],"wp:attachment":[{"href":"http:\/\/www.hifiplanet.com.br\/blog\/wp-json\/wp\/v2\/media?parent=236"}],"curies":[{"name":"wp","href":"https:\/\/api.w.org\/{rel}","templated":true}]}}