{"id":2,"date":"2010-04-04T17:50:17","date_gmt":"2010-04-04T20:50:17","guid":{"rendered":"http:\/\/hifiplanet.com.br\/blog\/?page_id=2"},"modified":"2016-02-02T10:06:21","modified_gmt":"2016-02-02T12:06:21","slug":"about","status":"publish","type":"page","link":"http:\/\/www.hifiplanet.com.br\/blog\/about\/","title":{"rendered":"Sobre o Hi-Fi Planet"},"content":{"rendered":"<p>O Hi-Fi Planet foi criado a partir de uma paix\u00e3o pessoal<\/p>\n<p>pelos temas tratados, e com a inten\u00e7\u00e3o de tentar reunir num \u00fanico lugar o maior<\/p>\n<p>n\u00famero poss\u00edvel de informa\u00e7\u00f5es sobre \u00c1udio e V\u00eddeo, visando facilitar a vida de quem<\/p>\n<p>quer adquirir um equipamento ou conhecer melhor aquele que j\u00e1 possui, ou<\/p>\n<p>acompanhar as novidades do assunto.<\/p>\n<p>Al\u00e9m das informa\u00e7\u00f5es aqui contidas, procuramos indicar os caminhos para<\/p>\n<p>que outras possam ser obtidas, seja atrav\u00e9s de fabricantes, revendedores e<\/p>\n<p>outros sites da Internet.<\/p>\n<p>Todas as contribui\u00e7\u00f5es ser\u00e3o bem-vindas.<\/p>\n<p>Sugest\u00f5es e cr\u00edticas tamb\u00e9m s\u00e3o importantes, para que possamos<\/p>\n<p>orientar melhor este trabalho.<\/p>\n<p>Participe !!!<\/p>\n<p><strong>* * Agradecimento * *<\/strong><\/p>\n<p>JANU\u00c1RIO M. NAKAMURA<br \/>\nPor sua preciosa colabora\u00e7\u00e3o, sempre imparcial, honesta e muito competente.<\/p>\n<p>Envie sua mensagem para:<\/p>\n<p><a href=\"http:\/\/hifiplanet.com.br\/blog\/wp-content\/uploads\/2013\/11\/emailplanet.gif\"><img decoding=\"async\" loading=\"lazy\" class=\"alignnone size-full wp-image-3368\" src=\"http:\/\/hifiplanet.com.br\/blog\/wp-content\/uploads\/2013\/11\/emailplanet.gif\" alt=\"emailplanet\" width=\"220\" height=\"35\" \/><\/a><\/p>\n<p><strong>In\u00edcio do funcionamento oficial do Hi-Fi Planet: 15 de Abril de 2006<\/strong><\/p>\n<p>Obrigado pela sua visita !!!<\/p>\n<p><strong>ATUALIZA\u00c7\u00d5ES<\/strong><\/p>\n<p><strong>MAIO\/2010<\/strong><\/p>\n<p><strong>Bem-vindos ao Novo Hi-Fi Planet<\/strong><\/p>\n<p>Em Maio de 2010 o Hi-Fi Planet mudou, e se tornou mais pr\u00e1tico, mais f\u00e1cil de consultar e de atualizar.<\/p>\n<p>O principal objetivo do Hi-Fi Planet sempre foi levar informa\u00e7\u00e3o \u00fatil aos seus leitores, num mercado dominado por sites e revistas cujo maior compromisso \u00e9 com seus interesses pessoais e de seus anunciantes.<\/p>\n<p>O formato anteriormente adotado, de f\u00f3rum phpbb, nunca foi o mais adequado para esta finalidade. Foi uma op\u00e7\u00e3o que substituiu as dificuldades de escrever p\u00e1ginas em linguagem HTML. Como faltava tempo para atualizar as p\u00e1ginas, aquela segunda op\u00e7\u00e3o simplificou o envio de textos e fotos.<\/p>\n<p>Agora, com a evolu\u00e7\u00e3o dos formatos de blogs, ficou muito mais f\u00e1cil atualizar as p\u00e1ginas, levando mais informa\u00e7\u00e3o ao leitor.<\/p>\n<p>Este espa\u00e7o \u00e9 produzido com recursos pr\u00f3prios, apenas por uma satisfa\u00e7\u00e3o pessoal, movida pelo prazer em compartilhar informa\u00e7\u00f5es de um hobby. N\u00e3o possui qualquer v\u00ednculo comercial, n\u00e3o depende de anunciantes e nem possui qualquer liga\u00e7\u00e3o com lojas, sejam pessoais ou de terceiros. E, como j\u00e1 foi prometido h\u00e1 muito tempo, sempre se manter\u00e1 desta forma. Importante mencionar que minhas atividades profissionais diferem totalmente daquelas ligadas ao \u00e1udio e v\u00eddeo, temas deste espa\u00e7o.<br \/>\nSendo assim, consigo produzir material de forma imparcial e compromissada apenas com a fidelidade das informa\u00e7\u00f5es oferecidas.<\/p>\n<p>Procuro, atrav\u00e9s deste canal de comunica\u00e7\u00e3o, trazer informa\u00e7\u00f5es \u00fateis, novidades e testes de equipamentos e experi\u00eancias pessoais de um hobby que levo muito a s\u00e9rio.<br \/>\nPode parecer estranho dizer que um hobby \u00e9 levado a s\u00e9rio, mas, quem ama a fotografia, autom\u00f3veis ou qualquer outro assunto que precisa ser conhecido para ser aproveitado ao m\u00e1ximo, sabe bem o que eu quero dizer.<br \/>\nInfelizmente, o \u00e1udio e o v\u00eddeo de qualidade em nosso pa\u00eds ficou por muitos anos abandonado, sendo manipulado segundo certas conveni\u00eancias. \u00c9 poss\u00edvel perceber que alguns ve\u00edculos de informa\u00e7\u00e3o t\u00eam outros compromissos, e acaba colocando o Brasil no fim da fila da tecnologia, seja no segmento de \u00e1udio e v\u00eddeo, ou tamb\u00e9m de muitos outros onde a evolu\u00e7\u00e3o e a quantidade de op\u00e7\u00f5es n\u00e3o param de crescer no mercado externo.<br \/>\nConvivemos ainda com o descaminho de equipamentos, com muitos tentando ter em m\u00e3os algo melhor que o mercado nacional pode oferecer. Basta uma r\u00e1pida pesquisa para perceber que algumas marcas s\u00e3o insistentemente divulgadas, sempre em evid\u00eancia, muitas vezes qualificadas como as \u00fanicas op\u00e7\u00f5es de qualidade do mercado. Na verdade, temos poucas marcas de qualidade no Brasil, pelo menos no que se refere ao Hi-Fi de alto n\u00edvel ou ao Hi-End. Mas, muitas vezes estas marcas nem s\u00e3o t\u00e3o elogiadas l\u00e1 fora, e as de maior valor s\u00e3o quase sempre desconhecidas do consumidor brasileiro.<br \/>\nCultuadas marcas de caixas-ac\u00fasticas que frequentam p\u00e1ginas de revistas e sites, por exemplo, atualmente s\u00e3o superadas mundialmente por marcas desconhecidas, mais baratas e com maior tecnologia e desempenho.<br \/>\nMesmo assim, movidos pelos interesses j\u00e1 comentados, este e outros equipamentos s\u00e3o continuamente elogiados, e recebem constantes avalia\u00e7\u00f5es bastante positivas, inexplicavelmente. O forte interesse comercial n\u00e3o \u00e9 s\u00f3 um defeito nacional, e ocorre com frequ\u00eancia at\u00e9 no mercado americano. Talvez, o europeu seja hoje o mercado mais respons\u00e1vel e exigente quanto \u00e0 qualidade, tanto de equipamentos como de informa\u00e7\u00e3o. Resta saber se a forte crise que atinge a Europa vai preservar essas caracter\u00edsticas.<\/p>\n<p>A grande vantagem de manter um espa\u00e7o sem anunciantes ou interesses vinculados aos temas tratados \u00e9 poder n\u00e3o se preocupar com algumas verdades inc\u00f4modas.<br \/>\nJ\u00e1 fui alvo de cr\u00edticas, amea\u00e7as, boicotes e tantas outras hostilidades, por ser sincero no que digo e fa\u00e7o, e isso em qualquer situa\u00e7\u00e3o de minha vida.<br \/>\nJ\u00e1 abandonei revistas e sites de relacionamento por n\u00e3o aceitar a manipula\u00e7\u00e3o de informa\u00e7\u00f5es, muitas vezes em favorecimento pessoal ou de anunciantes que pagam para estar ali.<br \/>\nEsta \u00e9 uma caracter\u00edstica que vou preservar a todo custo.<\/p>\n<p>Como nunca transformei o Hi-Fi Planet em f\u00f3rum, tamb\u00e9m n\u00e3o transformarei este espa\u00e7o em local para manifesta\u00e7\u00f5es compromissadas com objetivos de criar confus\u00e3o e difundir falsas informa\u00e7\u00f5es. Por\u00e9m, periodicamente, alguns temas ser\u00e3o abertos para coment\u00e1rios e complementa\u00e7\u00f5es. Mas, nunca permitirei que este espa\u00e7o seja manipulado por interesses difusos, como normalmente presenciamos em outros espa\u00e7os.<\/p>\n<p>Esta nova fase que est\u00e1 iniciando no Hi-Fi Planet dever\u00e1 torn\u00e1-lo mais interessante, mais informativo e mais \u00fatil aos que buscam conhecer melhor o universo do \u00e1udio e v\u00eddeo.<br \/>\nA dedica\u00e7\u00e3o ser\u00e1 grande. Cr\u00edticas ser\u00e3o sempre bem-vindas, e este espa\u00e7o sempre estar\u00e1 aberto para contribui\u00e7\u00f5es na forma de artigos e outras participa\u00e7\u00f5es informativas.<\/p>\n<p>Sejam bem-vindos ao Novo Hi-Fi Planet.<\/p>\n<p>Obrigado.<\/p>\n<p>Eduardo Martins<\/p>\n","protected":false},"excerpt":{"rendered":"<div class=\"mh-excerpt\"><p>O Hi-Fi Planet foi criado a partir de uma paix\u00e3o pessoal pelos temas tratados, e com a inten\u00e7\u00e3o de tentar reunir num \u00fanico lugar o maior n\u00famero poss\u00edvel de informa\u00e7\u00f5es sobre \u00c1udio e V\u00eddeo, visando facilitar a vida de quem quer adquirir um equipamento ou conhecer melhor aquele que j\u00e1 possui, ou acompanhar as novidades do assunto. Al\u00e9m das informa\u00e7\u00f5es aqui contidas, procuramos indicar os caminhos para que outras possam <a class=\"mh-excerpt-more\" href=\"http:\/\/www.hifiplanet.com.br\/blog\/about\/\" title=\"Sobre o Hi-Fi Planet\">[clique aqui para continuar lendo]<\/a><\/p>\n<\/div>","protected":false},"author":1,"featured_media":0,"parent":0,"menu_order":20,"comment_status":"closed","ping_status":"closed","template":"","meta":[],"_links":{"self":[{"href":"http:\/\/www.hifiplanet.com.br\/blog\/wp-json\/wp\/v2\/pages\/2"}],"collection":[{"href":"http:\/\/www.hifiplanet.com.br\/blog\/wp-json\/wp\/v2\/pages"}],"about":[{"href":"http:\/\/www.hifiplanet.com.br\/blog\/wp-json\/wp\/v2\/types\/page"}],"author":[{"embeddable":true,"href":"http:\/\/www.hifiplanet.com.br\/blog\/wp-json\/wp\/v2\/users\/1"}],"replies":[{"embeddable":true,"href":"http:\/\/www.hifiplanet.com.br\/blog\/wp-json\/wp\/v2\/comments?post=2"}],"version-history":[{"count":26,"href":"http:\/\/www.hifiplanet.com.br\/blog\/wp-json\/wp\/v2\/pages\/2\/revisions"}],"predecessor-version":[{"id":3375,"href":"http:\/\/www.hifiplanet.com.br\/blog\/wp-json\/wp\/v2\/pages\/2\/revisions\/3375"}],"wp:attachment":[{"href":"http:\/\/www.hifiplanet.com.br\/blog\/wp-json\/wp\/v2\/media?parent=2"}],"curies":[{"name":"wp","href":"https:\/\/api.w.org\/{rel}","templated":true}]}}